{"id":988,"date":"2021-08-12T15:59:23","date_gmt":"2021-08-12T13:59:23","guid":{"rendered":"https:\/\/gamuza.pl\/?page_id=988"},"modified":"2021-08-12T15:59:25","modified_gmt":"2021-08-12T13:59:25","slug":"processus-de-mise-en-oeuvre","status":"publish","type":"page","link":"https:\/\/gamuza.pl\/fr\/processus-de-mise-en-oeuvre\/","title":{"rendered":"Processus de mise en \u0153uvre"},"content":{"rendered":"\t\t<div data-elementor-type=\"wp-page\" data-elementor-id=\"988\" class=\"elementor elementor-988 elementor-281\" data-elementor-settings=\"[]\">\n\t\t\t\t\t\t\t<div class=\"elementor-section-wrap\">\n\t\t\t\t\t\t\t<section class=\"elementor-section elementor-top-section elementor-element elementor-element-68d07e7 elementor-section-height-min-height elementor-section-boxed elementor-section-height-default elementor-section-items-middle\" data-id=\"68d07e7\" data-element_type=\"section\" data-settings=\"{&quot;background_background&quot;:&quot;classic&quot;}\">\n\t\t\t\t\t\t\t<div class=\"elementor-background-overlay\"><\/div>\n\t\t\t\t\t\t\t<div class=\"elementor-container elementor-column-gap-default\">\n\t\t\t\t\t<div class=\"elementor-column elementor-col-100 elementor-top-column elementor-element elementor-element-bac1df6\" data-id=\"bac1df6\" data-element_type=\"column\">\n\t\t\t<div class=\"elementor-widget-wrap elementor-element-populated\">\n\t\t\t\t\t\t\t\t\t<\/div>\n\t\t<\/div>\n\t\t\t\t\t\t\t<\/div>\n\t\t<\/section>\n\t\t\t\t<section class=\"elementor-section elementor-top-section elementor-element elementor-element-c2abe47 elementor-section-boxed elementor-section-height-default elementor-section-height-default\" data-id=\"c2abe47\" data-element_type=\"section\">\n\t\t\t\t\t\t<div class=\"elementor-container elementor-column-gap-default\">\n\t\t\t\t\t<div class=\"elementor-column elementor-col-50 elementor-top-column elementor-element elementor-element-ada7d9d\" data-id=\"ada7d9d\" data-element_type=\"column\">\n\t\t\t<div class=\"elementor-widget-wrap elementor-element-populated\">\n\t\t\t\t\t\t\t\t<div class=\"elementor-element elementor-element-88e3a14 elementor-widget-divider--separator-type-pattern elementor-widget-divider--view-line elementor-widget elementor-widget-divider\" data-id=\"88e3a14\" data-element_type=\"widget\" data-widget_type=\"divider.default\">\n\t\t\t\t<div class=\"elementor-widget-container\">\n\t\t\t\t\t<div class=\"elementor-divider\" style=\"--divider-pattern-url: url(&quot;data:image\/svg+xml,%3Csvg xmlns=&#039;http:\/\/www.w3.org\/2000\/svg&#039; preserveAspectRatio=&#039;none&#039; overflow=&#039;visible&#039; height=&#039;100%&#039; viewBox=&#039;0 0 20 16&#039; fill=&#039;none&#039; stroke=&#039;black&#039; stroke-width=&#039;1&#039; stroke-linecap=&#039;square&#039; stroke-miterlimit=&#039;10&#039;%3E%3Cg transform=&#039;translate(-12.000000, 0)&#039;%3E%3Cpath d=&#039;M28,0L10,18&#039;\/%3E%3Cpath d=&#039;M18,0L0,18&#039;\/%3E%3Cpath d=&#039;M48,0L30,18&#039;\/%3E%3Cpath d=&#039;M38,0L20,18&#039;\/%3E%3C\/g%3E%3C\/svg%3E&quot;);\">\n\t\t\t<span class=\"elementor-divider-separator\">\n\t\t\t\t\t\t<\/span>\n\t\t<\/div>\n\t\t\t\t<\/div>\n\t\t\t\t<\/div>\n\t\t\t\t<div class=\"elementor-element elementor-element-cecc9a7 elementor-widget elementor-widget-text-editor\" data-id=\"cecc9a7\" data-element_type=\"widget\" data-widget_type=\"text-editor.default\">\n\t\t\t\t<div class=\"elementor-widget-container\">\n\t\t\t\t\t\t\t\tL&rsquo;abattage ou le maintien en bon \u00e9tat de la verdure dans la zone situ\u00e9e le long de la ligne \u00e9lectrique est ce que le client attend. Toutefois, ce n&rsquo;est qu&rsquo;une \u00e9tape du service complet de gestion de la v\u00e9g\u00e9tation que nous proposons. \t\t\t\t\t\t<\/div>\n\t\t\t\t<\/div>\n\t\t\t\t<div class=\"elementor-element elementor-element-d018f53 elementor-widget elementor-widget-spacer\" data-id=\"d018f53\" data-element_type=\"widget\" data-widget_type=\"spacer.default\">\n\t\t\t\t<div class=\"elementor-widget-container\">\n\t\t\t\t\t<div class=\"elementor-spacer\">\n\t\t\t<div class=\"elementor-spacer-inner\"><\/div>\n\t\t<\/div>\n\t\t\t\t<\/div>\n\t\t\t\t<\/div>\n\t\t\t\t<div class=\"elementor-element elementor-element-aac0ff0 elementor-widget elementor-widget-text-editor\" data-id=\"aac0ff0\" data-element_type=\"widget\" data-widget_type=\"text-editor.default\">\n\t\t\t\t<div class=\"elementor-widget-container\">\n\t\t\t\t\t\t\t\tUn abattage correctement r\u00e9alis\u00e9 est pr\u00e9c\u00e9d\u00e9 d&rsquo;un inventaire du r\u00e9seau et de l&rsquo;obtention des consentements requis des propri\u00e9taires de parcelles et des d\u00e9cisions officielles. Ce n&rsquo;est qu&rsquo;alors que les travaux pourront commencer. Gr\u00e2ce \u00e0 l&rsquo;application des technologies de pointe du XXIe si\u00e8cle, cette \u00e9tape a \u00e9t\u00e9 raccourcie au minimum et peut m\u00eame \u00eatre r\u00e9alis\u00e9e en une journ\u00e9e. Le processus se termine par une inspection du r\u00e9seau par h\u00e9licopt\u00e8re, y compris l&rsquo;utilisation un syst\u00e8me de scanner laser et la g\u00e9n\u00e9ration du rapport final. La documentation compl\u00e8te est ensuite envoy\u00e9e au si\u00e8ge du client.\t\t\t\t\t\t<\/div>\n\t\t\t\t<\/div>\n\t\t\t\t\t<\/div>\n\t\t<\/div>\n\t\t\t\t<div class=\"elementor-column elementor-col-50 elementor-top-column elementor-element elementor-element-7d37776\" data-id=\"7d37776\" data-element_type=\"column\">\n\t\t\t<div class=\"elementor-widget-wrap elementor-element-populated\">\n\t\t\t\t\t\t\t\t<div class=\"elementor-element elementor-element-d4c0efd elementor-widget elementor-widget-image\" data-id=\"d4c0efd\" data-element_type=\"widget\" data-widget_type=\"image.default\">\n\t\t\t\t<div class=\"elementor-widget-container\">\n\t\t\t\t\t\t\t\t\t\t\t\t\t\t\t<img decoding=\"async\" src=\"https:\/\/gamuza.pl\/wp-content\/uploads\/2021\/06\/gamuza_hero_ziemia.jpg\" title=\"gamuza_hero_ziemia\" alt=\"gamuza_hero_ziemia\" \/>\t\t\t\t\t\t\t\t\t\t\t\t\t\t\t<\/div>\n\t\t\t\t<\/div>\n\t\t\t\t\t<\/div>\n\t\t<\/div>\n\t\t\t\t\t\t\t<\/div>\n\t\t<\/section>\n\t\t\t\t<section class=\"elementor-section elementor-top-section elementor-element elementor-element-a97e3d0 elementor-section-boxed elementor-section-height-default elementor-section-height-default\" data-id=\"a97e3d0\" data-element_type=\"section\" data-settings=\"{&quot;background_background&quot;:&quot;classic&quot;}\">\n\t\t\t\t\t\t<div class=\"elementor-container elementor-column-gap-default\">\n\t\t\t\t\t<div class=\"elementor-column elementor-col-50 elementor-top-column elementor-element elementor-element-e0cddf7\" data-id=\"e0cddf7\" data-element_type=\"column\">\n\t\t\t<div class=\"elementor-widget-wrap elementor-element-populated\">\n\t\t\t\t\t\t\t\t<div class=\"elementor-element elementor-element-474e1f6 elementor-widget elementor-widget-accordion\" data-id=\"474e1f6\" data-element_type=\"widget\" data-widget_type=\"accordion.default\">\n\t\t\t\t<div class=\"elementor-widget-container\">\n\t\t\t\t\t<div class=\"elementor-accordion\" role=\"tablist\">\n\t\t\t\t\t\t\t<div class=\"elementor-accordion-item\">\n\t\t\t\t\t<div id=\"elementor-tab-title-7471\" class=\"elementor-tab-title\" data-tab=\"1\" role=\"tab\" aria-controls=\"elementor-tab-content-7471\" aria-expanded=\"false\">\n\t\t\t\t\t\t\t\t\t\t\t\t\t<span class=\"elementor-accordion-icon elementor-accordion-icon-right\" aria-hidden=\"true\">\n\t\t\t\t\t\t\t\t\t\t\t\t\t\t\t<span class=\"elementor-accordion-icon-closed\"><i class=\"fas fa-plus\"><\/i><\/span>\n\t\t\t\t\t\t\t\t<span class=\"elementor-accordion-icon-opened\"><i class=\"fas fa-minus\"><\/i><\/span>\n\t\t\t\t\t\t\t\t\t\t\t\t\t\t<\/span>\n\t\t\t\t\t\t\t\t\t\t\t\t<a class=\"elementor-accordion-title\" href=\"\">Inventaire<\/a>\n\t\t\t\t\t<\/div>\n\t\t\t\t\t<div id=\"elementor-tab-content-7471\" class=\"elementor-tab-content elementor-clearfix\" data-tab=\"1\" role=\"tabpanel\" aria-labelledby=\"elementor-tab-title-7471\">La proc\u00e9dure d&rsquo;inventaire du r\u00e9seau consiste \u00e0 effectuer des travaux pr\u00e9paratoires et organisationnels, notamment:\n<ul>\n \t<li>\u00e9tablissement des coordonn\u00e9es GPS pour tracer le parcours du r\u00e9seau dans le syst\u00e8me QuantumGIS<\/li>\n \t<li>reconnaissance des sites<\/li>\n \t<li>inspection visuelle de l&rsquo;\u00e9tat des arbres \u00e0 proximit\u00e9 de la ligne \u00e9lectrique<\/li>\n \t<li>la planification des travaux et des interruptions de r\u00e9seau requises.<\/li>\n<\/ul><\/div>\n\t\t\t\t<\/div>\n\t\t\t\t\t\t\t<div class=\"elementor-accordion-item\">\n\t\t\t\t\t<div id=\"elementor-tab-title-7472\" class=\"elementor-tab-title\" data-tab=\"2\" role=\"tab\" aria-controls=\"elementor-tab-content-7472\" aria-expanded=\"false\">\n\t\t\t\t\t\t\t\t\t\t\t\t\t<span class=\"elementor-accordion-icon elementor-accordion-icon-right\" aria-hidden=\"true\">\n\t\t\t\t\t\t\t\t\t\t\t\t\t\t\t<span class=\"elementor-accordion-icon-closed\"><i class=\"fas fa-plus\"><\/i><\/span>\n\t\t\t\t\t\t\t\t<span class=\"elementor-accordion-icon-opened\"><i class=\"fas fa-minus\"><\/i><\/span>\n\t\t\t\t\t\t\t\t\t\t\t\t\t\t<\/span>\n\t\t\t\t\t\t\t\t\t\t\t\t<a class=\"elementor-accordion-title\" href=\"\"> Proc\u00e9dures administratives<\/a>\n\t\t\t\t\t<\/div>\n\t\t\t\t\t<div id=\"elementor-tab-content-7472\" class=\"elementor-tab-content elementor-clearfix\" data-tab=\"2\" role=\"tabpanel\" aria-labelledby=\"elementor-tab-title-7472\">Les proc\u00e9dures administratives constituent l&rsquo;\u00e9tape la plus exigeante de l&rsquo;abattage des arbres le long des lignes \u00e9lectriques. Au cours de cette phase, les consentements des propri\u00e9taires fonciers et les d\u00e9cisions administratives sur l&rsquo;enl\u00e8vement des arbres sont obtenus. Une documentation pr\u00e9par\u00e9e de mani\u00e8re fiable permet une ex\u00e9cution efficace des travaux d&rsquo;abattage sur le terrain, ce qui minimise le risque de r\u00e9clamations financi\u00e8res et de pertes d&rsquo;image de la part du client. Le syst\u00e8me informatique moderne mis en place \u00e0 Gamuza permet de g\u00e9rer tous les arrangements avec les propri\u00e9taires fonciers, ainsi que de g\u00e8rer la circulation de la correspondance et de suivre l&rsquo;avancement des travaux. L&rsquo;ex\u00e9cution professionnelle des d\u00e9marches administratives est supervis\u00e9e par une \u00e9quipe d&rsquo;experts exp\u00e9riment\u00e9s, qui veillent \u00e9galement \u00e0 ce que l&rsquo;ordre soit ex\u00e9cut\u00e9 conform\u00e9ment aux dispositions de la loi.<\/div>\n\t\t\t\t<\/div>\n\t\t\t\t\t\t\t<div class=\"elementor-accordion-item\">\n\t\t\t\t\t<div id=\"elementor-tab-title-7473\" class=\"elementor-tab-title\" data-tab=\"3\" role=\"tab\" aria-controls=\"elementor-tab-content-7473\" aria-expanded=\"false\">\n\t\t\t\t\t\t\t\t\t\t\t\t\t<span class=\"elementor-accordion-icon elementor-accordion-icon-right\" aria-hidden=\"true\">\n\t\t\t\t\t\t\t\t\t\t\t\t\t\t\t<span class=\"elementor-accordion-icon-closed\"><i class=\"fas fa-plus\"><\/i><\/span>\n\t\t\t\t\t\t\t\t<span class=\"elementor-accordion-icon-opened\"><i class=\"fas fa-minus\"><\/i><\/span>\n\t\t\t\t\t\t\t\t\t\t\t\t\t\t<\/span>\n\t\t\t\t\t\t\t\t\t\t\t\t<a class=\"elementor-accordion-title\" href=\"\">Abattage<\/a>\n\t\t\t\t\t<\/div>\n\t\t\t\t\t<div id=\"elementor-tab-content-7473\" class=\"elementor-tab-content elementor-clearfix\" data-tab=\"3\" role=\"tabpanel\" aria-labelledby=\"elementor-tab-title-7473\">La r\u00e9alisation de l&rsquo;abattage se base sur les donn\u00e9es obtenues lors des phases d&rsquo;inventaire et d&rsquo;administration. L&rsquo;\u00e9quipe de techniciens forestiers utilise les informations enregistr\u00e9es sur des appareils mobiles et des orthophotographies. Le syst\u00e8me marque ensuite la zone de l&rsquo;abattage termin\u00e9e et les points de nettoyage. Il enregistre \u00e9galement la date \u00e0 laquelle le prochain traitement doit \u00eatre effectu\u00e9. Le syst\u00e8me contr\u00f4le l&rsquo;avancement des travaux au moyen de compteurs, qui fournissent des donn\u00e9es sur le nombre de kilom\u00e8tres de verdure d\u00e9j\u00e0 coup\u00e9e, de kilom\u00e8tres de terrains destin\u00e9s au nettoyage et de kilom\u00e8tres de travaux finis re\u00e7us. Parall\u00e8lement au travail technique, la correspondance re\u00e7ue des propri\u00e9taires fonciers concernant d&rsquo;\u00e9ventuels commentaires et plaintes est trait\u00e9e. Les informations saisies sont transmises \u00e0 l&rsquo;unit\u00e9 technique pour la mise en \u0153uvre.\n\nChaque projet est r\u00e9alis\u00e9 \u00e0 l&rsquo;aide de technologies et d&rsquo;outils ultramodernes, notamment une solution unique au monde bas\u00e9e sur l&rsquo;utilisation d&rsquo;un h\u00e9licopt\u00e8re \u00e9quip\u00e9 d&rsquo;une scie suspendue et de machines terrestres pour le d\u00e9frichage, aliment\u00e9es par des huiles biod\u00e9gradables.<\/div>\n\t\t\t\t<\/div>\n\t\t\t\t\t\t\t<div class=\"elementor-accordion-item\">\n\t\t\t\t\t<div id=\"elementor-tab-title-7474\" class=\"elementor-tab-title\" data-tab=\"4\" role=\"tab\" aria-controls=\"elementor-tab-content-7474\" aria-expanded=\"false\">\n\t\t\t\t\t\t\t\t\t\t\t\t\t<span class=\"elementor-accordion-icon elementor-accordion-icon-right\" aria-hidden=\"true\">\n\t\t\t\t\t\t\t\t\t\t\t\t\t\t\t<span class=\"elementor-accordion-icon-closed\"><i class=\"fas fa-plus\"><\/i><\/span>\n\t\t\t\t\t\t\t\t<span class=\"elementor-accordion-icon-opened\"><i class=\"fas fa-minus\"><\/i><\/span>\n\t\t\t\t\t\t\t\t\t\t\t\t\t\t<\/span>\n\t\t\t\t\t\t\t\t\t\t\t\t<a class=\"elementor-accordion-title\" href=\"\">R\u00e9ceptions des travaux <\/a>\n\t\t\t\t\t<\/div>\n\t\t\t\t\t<div id=\"elementor-tab-content-7474\" class=\"elementor-tab-content elementor-clearfix\" data-tab=\"4\" role=\"tabpanel\" aria-labelledby=\"elementor-tab-title-7474\"><img loading=\"lazy\" decoding=\"async\" class=\"alignnone size-medium wp-image-151\" src=\"https:\/\/gamuza.pl\/wp-content\/uploads\/2021\/06\/iStock-1163709021-1-1-570x411.jpg\" alt=\"\" width=\"570\" height=\"411\" srcset=\"https:\/\/gamuza.pl\/wp-content\/uploads\/2021\/06\/iStock-1163709021-1-1-570x411.jpg 570w, https:\/\/gamuza.pl\/wp-content\/uploads\/2021\/06\/iStock-1163709021-1-1-1140x821.jpg 1140w, https:\/\/gamuza.pl\/wp-content\/uploads\/2021\/06\/iStock-1163709021-1-1-768x553.jpg 768w, https:\/\/gamuza.pl\/wp-content\/uploads\/2021\/06\/iStock-1163709021-1-1-1024x738.jpg 1024w, https:\/\/gamuza.pl\/wp-content\/uploads\/2021\/06\/iStock-1163709021-1-1-400x288.jpg 400w, https:\/\/gamuza.pl\/wp-content\/uploads\/2021\/06\/iStock-1163709021-1-1.jpg 1206w\" sizes=\"auto, (max-width: 570px) 100vw, 570px\" \/>\n\nGr\u00e2ce \u00e0 la mise en \u0153uvre d&rsquo;un syst\u00e8me avanc\u00e9 de gestion de l&rsquo;abattage des arbres, les donn\u00e9es de toutes les \u00e9tapes du service sont combin\u00e9es en un seul rapport, qui est ensuite fourni au client.\n\n<\/div>\n\t\t\t\t<\/div>\n\t\t\t\t\t\t\t\t<\/div>\n\t\t\t\t<\/div>\n\t\t\t\t<\/div>\n\t\t\t\t\t<\/div>\n\t\t<\/div>\n\t\t\t\t<div class=\"elementor-column elementor-col-50 elementor-top-column elementor-element elementor-element-272694f\" data-id=\"272694f\" data-element_type=\"column\">\n\t\t\t<div class=\"elementor-widget-wrap\">\n\t\t\t\t\t\t\t\t\t<\/div>\n\t\t<\/div>\n\t\t\t\t\t\t\t<\/div>\n\t\t<\/section>\n\t\t\t\t\t\t<\/div>\n\t\t\t\t\t<\/div>\n\t\t","protected":false},"excerpt":{"rendered":"<p>L&rsquo;abattage ou le maintien en bon \u00e9tat de la verdure dans la zone situ\u00e9e le long de la ligne \u00e9lectrique est ce que le client attend. Toutefois, ce n&rsquo;est qu&rsquo;une \u00e9tape du service complet de gestion de la v\u00e9g\u00e9tation que nous proposons. Un abattage correctement r\u00e9alis\u00e9 est pr\u00e9c\u00e9d\u00e9 d&rsquo;un inventaire du r\u00e9seau et de l&rsquo;obtention\u2026<\/p>\n","protected":false},"author":1,"featured_media":0,"parent":0,"menu_order":0,"comment_status":"closed","ping_status":"closed","template":"elementor_header_footer","meta":{"footnotes":""},"class_list":["post-988","page","type-page","status-publish","hentry"],"yoast_head":"<!-- This site is optimized with the Yoast SEO plugin v16.9 - https:\/\/yoast.com\/wordpress\/plugins\/seo\/ -->\n<title>Processus de mise en \u0153uvre - Gamuza<\/title>\n<meta name=\"robots\" content=\"index, follow, max-snippet:-1, max-image-preview:large, max-video-preview:-1\" \/>\n<link rel=\"canonical\" href=\"https:\/\/gamuza.pl\/fr\/processus-de-mise-en-oeuvre\/\" \/>\n<meta property=\"og:locale\" content=\"fr_FR\" \/>\n<meta property=\"og:type\" content=\"article\" \/>\n<meta property=\"og:title\" content=\"Processus de mise en \u0153uvre - Gamuza\" \/>\n<meta property=\"og:description\" content=\"L&#039;abattage ou le maintien en bon \u00e9tat de la verdure dans la zone situ\u00e9e le long de la ligne \u00e9lectrique est ce que le client attend. Toutefois, ce n&#039;est qu&#039;une \u00e9tape du service complet de gestion de la v\u00e9g\u00e9tation que nous proposons. Un abattage correctement r\u00e9alis\u00e9 est pr\u00e9c\u00e9d\u00e9 d&#039;un inventaire du r\u00e9seau et de l&#039;obtention\u2026\" \/>\n<meta property=\"og:url\" content=\"https:\/\/gamuza.pl\/fr\/processus-de-mise-en-oeuvre\/\" \/>\n<meta property=\"og:site_name\" content=\"Gamuza\" \/>\n<meta property=\"article:modified_time\" content=\"2021-08-12T13:59:25+00:00\" \/>\n<meta property=\"og:image\" content=\"https:\/\/gamuza.pl\/wp-content\/uploads\/2021\/06\/gamuza_hero_ziemia.jpg\" \/>\n<meta name=\"twitter:card\" content=\"summary_large_image\" \/>\n<meta name=\"twitter:label1\" content=\"Dur\u00e9e de lecture est.\" \/>\n\t<meta name=\"twitter:data1\" content=\"3 minutes\" \/>\n<script type=\"application\/ld+json\" class=\"yoast-schema-graph\">{\"@context\":\"https:\/\/schema.org\",\"@graph\":[{\"@type\":\"Organization\",\"@id\":\"https:\/\/gamuza.pl\/#organization\",\"name\":\"Gamuza\",\"url\":\"https:\/\/gamuza.pl\/\",\"sameAs\":[],\"logo\":{\"@type\":\"ImageObject\",\"@id\":\"https:\/\/gamuza.pl\/#logo\",\"inLanguage\":\"fr-FR\",\"url\":\"https:\/\/gamuza.pl\/wp-content\/uploads\/2021\/06\/gamuza.png\",\"contentUrl\":\"https:\/\/gamuza.pl\/wp-content\/uploads\/2021\/06\/gamuza.png\",\"width\":300,\"height\":300,\"caption\":\"Gamuza\"},\"image\":{\"@id\":\"https:\/\/gamuza.pl\/#logo\"}},{\"@type\":\"WebSite\",\"@id\":\"https:\/\/gamuza.pl\/#website\",\"url\":\"https:\/\/gamuza.pl\/\",\"name\":\"Gamuza\",\"description\":\"Kolejna witryna oparta na WordPressie\",\"publisher\":{\"@id\":\"https:\/\/gamuza.pl\/#organization\"},\"potentialAction\":[{\"@type\":\"SearchAction\",\"target\":{\"@type\":\"EntryPoint\",\"urlTemplate\":\"https:\/\/gamuza.pl\/?s={search_term_string}\"},\"query-input\":\"required name=search_term_string\"}],\"inLanguage\":\"fr-FR\"},{\"@type\":\"ImageObject\",\"@id\":\"https:\/\/gamuza.pl\/fr\/processus-de-mise-en-oeuvre\/#primaryimage\",\"inLanguage\":\"fr-FR\",\"url\":\"https:\/\/gamuza.pl\/wp-content\/uploads\/2021\/06\/gamuza_hero_ziemia.jpg\",\"contentUrl\":\"https:\/\/gamuza.pl\/wp-content\/uploads\/2021\/06\/gamuza_hero_ziemia.jpg\",\"width\":2400,\"height\":1348},{\"@type\":\"WebPage\",\"@id\":\"https:\/\/gamuza.pl\/fr\/processus-de-mise-en-oeuvre\/#webpage\",\"url\":\"https:\/\/gamuza.pl\/fr\/processus-de-mise-en-oeuvre\/\",\"name\":\"Processus de mise en \\u0153uvre - Gamuza\",\"isPartOf\":{\"@id\":\"https:\/\/gamuza.pl\/#website\"},\"primaryImageOfPage\":{\"@id\":\"https:\/\/gamuza.pl\/fr\/processus-de-mise-en-oeuvre\/#primaryimage\"},\"datePublished\":\"2021-08-12T13:59:23+00:00\",\"dateModified\":\"2021-08-12T13:59:25+00:00\",\"breadcrumb\":{\"@id\":\"https:\/\/gamuza.pl\/fr\/processus-de-mise-en-oeuvre\/#breadcrumb\"},\"inLanguage\":\"fr-FR\",\"potentialAction\":[{\"@type\":\"ReadAction\",\"target\":[\"https:\/\/gamuza.pl\/fr\/processus-de-mise-en-oeuvre\/\"]}]},{\"@type\":\"BreadcrumbList\",\"@id\":\"https:\/\/gamuza.pl\/fr\/processus-de-mise-en-oeuvre\/#breadcrumb\",\"itemListElement\":[{\"@type\":\"ListItem\",\"position\":1,\"name\":\"Strona g\\u0142\\u00f3wna\",\"item\":\"https:\/\/gamuza.pl\/fr\/\"},{\"@type\":\"ListItem\",\"position\":2,\"name\":\"Processus de mise en \\u0153uvre\"}]}]}<\/script>\n<!-- \/ Yoast SEO plugin. -->","yoast_head_json":{"title":"Processus de mise en \u0153uvre - Gamuza","robots":{"index":"index","follow":"follow","max-snippet":"max-snippet:-1","max-image-preview":"max-image-preview:large","max-video-preview":"max-video-preview:-1"},"canonical":"https:\/\/gamuza.pl\/fr\/processus-de-mise-en-oeuvre\/","og_locale":"fr_FR","og_type":"article","og_title":"Processus de mise en \u0153uvre - Gamuza","og_description":"L'abattage ou le maintien en bon \u00e9tat de la verdure dans la zone situ\u00e9e le long de la ligne \u00e9lectrique est ce que le client attend. Toutefois, ce n'est qu'une \u00e9tape du service complet de gestion de la v\u00e9g\u00e9tation que nous proposons. Un abattage correctement r\u00e9alis\u00e9 est pr\u00e9c\u00e9d\u00e9 d'un inventaire du r\u00e9seau et de l'obtention\u2026","og_url":"https:\/\/gamuza.pl\/fr\/processus-de-mise-en-oeuvre\/","og_site_name":"Gamuza","article_modified_time":"2021-08-12T13:59:25+00:00","og_image":[{"url":"https:\/\/gamuza.pl\/wp-content\/uploads\/2021\/06\/gamuza_hero_ziemia.jpg"}],"twitter_card":"summary_large_image","twitter_misc":{"Dur\u00e9e de lecture est.":"3 minutes"},"schema":{"@context":"https:\/\/schema.org","@graph":[{"@type":"Organization","@id":"https:\/\/gamuza.pl\/#organization","name":"Gamuza","url":"https:\/\/gamuza.pl\/","sameAs":[],"logo":{"@type":"ImageObject","@id":"https:\/\/gamuza.pl\/#logo","inLanguage":"fr-FR","url":"https:\/\/gamuza.pl\/wp-content\/uploads\/2021\/06\/gamuza.png","contentUrl":"https:\/\/gamuza.pl\/wp-content\/uploads\/2021\/06\/gamuza.png","width":300,"height":300,"caption":"Gamuza"},"image":{"@id":"https:\/\/gamuza.pl\/#logo"}},{"@type":"WebSite","@id":"https:\/\/gamuza.pl\/#website","url":"https:\/\/gamuza.pl\/","name":"Gamuza","description":"Kolejna witryna oparta na WordPressie","publisher":{"@id":"https:\/\/gamuza.pl\/#organization"},"potentialAction":[{"@type":"SearchAction","target":{"@type":"EntryPoint","urlTemplate":"https:\/\/gamuza.pl\/?s={search_term_string}"},"query-input":"required name=search_term_string"}],"inLanguage":"fr-FR"},{"@type":"ImageObject","@id":"https:\/\/gamuza.pl\/fr\/processus-de-mise-en-oeuvre\/#primaryimage","inLanguage":"fr-FR","url":"https:\/\/gamuza.pl\/wp-content\/uploads\/2021\/06\/gamuza_hero_ziemia.jpg","contentUrl":"https:\/\/gamuza.pl\/wp-content\/uploads\/2021\/06\/gamuza_hero_ziemia.jpg","width":2400,"height":1348},{"@type":"WebPage","@id":"https:\/\/gamuza.pl\/fr\/processus-de-mise-en-oeuvre\/#webpage","url":"https:\/\/gamuza.pl\/fr\/processus-de-mise-en-oeuvre\/","name":"Processus de mise en \u0153uvre - Gamuza","isPartOf":{"@id":"https:\/\/gamuza.pl\/#website"},"primaryImageOfPage":{"@id":"https:\/\/gamuza.pl\/fr\/processus-de-mise-en-oeuvre\/#primaryimage"},"datePublished":"2021-08-12T13:59:23+00:00","dateModified":"2021-08-12T13:59:25+00:00","breadcrumb":{"@id":"https:\/\/gamuza.pl\/fr\/processus-de-mise-en-oeuvre\/#breadcrumb"},"inLanguage":"fr-FR","potentialAction":[{"@type":"ReadAction","target":["https:\/\/gamuza.pl\/fr\/processus-de-mise-en-oeuvre\/"]}]},{"@type":"BreadcrumbList","@id":"https:\/\/gamuza.pl\/fr\/processus-de-mise-en-oeuvre\/#breadcrumb","itemListElement":[{"@type":"ListItem","position":1,"name":"Strona g\u0142\u00f3wna","item":"https:\/\/gamuza.pl\/fr\/"},{"@type":"ListItem","position":2,"name":"Processus de mise en \u0153uvre"}]}]}},"_links":{"self":[{"href":"https:\/\/gamuza.pl\/fr\/wp-json\/wp\/v2\/pages\/988","targetHints":{"allow":["GET"]}}],"collection":[{"href":"https:\/\/gamuza.pl\/fr\/wp-json\/wp\/v2\/pages"}],"about":[{"href":"https:\/\/gamuza.pl\/fr\/wp-json\/wp\/v2\/types\/page"}],"author":[{"embeddable":true,"href":"https:\/\/gamuza.pl\/fr\/wp-json\/wp\/v2\/users\/1"}],"replies":[{"embeddable":true,"href":"https:\/\/gamuza.pl\/fr\/wp-json\/wp\/v2\/comments?post=988"}],"version-history":[{"count":3,"href":"https:\/\/gamuza.pl\/fr\/wp-json\/wp\/v2\/pages\/988\/revisions"}],"predecessor-version":[{"id":992,"href":"https:\/\/gamuza.pl\/fr\/wp-json\/wp\/v2\/pages\/988\/revisions\/992"}],"wp:attachment":[{"href":"https:\/\/gamuza.pl\/fr\/wp-json\/wp\/v2\/media?parent=988"}],"curies":[{"name":"wp","href":"https:\/\/api.w.org\/{rel}","templated":true}]}}