{"id":1675,"date":"2021-06-17T23:52:32","date_gmt":"2021-06-17T21:52:32","guid":{"rendered":"https:\/\/gamuza.pl\/proces-realizacji\/"},"modified":"2021-12-08T09:23:38","modified_gmt":"2021-12-08T08:23:38","slug":"proces-realizacji","status":"publish","type":"page","link":"https:\/\/gamuza.pl\/de\/proces-realizacji\/","title":{"rendered":"Die Durchf\u00fchrung"},"content":{"rendered":"\t\t<div data-elementor-type=\"wp-page\" data-elementor-id=\"1675\" class=\"elementor elementor-1675 elementor-281\" data-elementor-settings=\"[]\">\n\t\t\t\t\t\t\t<div class=\"elementor-section-wrap\">\n\t\t\t\t\t\t\t<section class=\"elementor-section elementor-top-section elementor-element elementor-element-68d07e7 elementor-section-height-min-height elementor-section-boxed elementor-section-height-default elementor-section-items-middle\" data-id=\"68d07e7\" data-element_type=\"section\" data-settings=\"{&quot;background_background&quot;:&quot;classic&quot;}\">\n\t\t\t\t\t\t\t<div class=\"elementor-background-overlay\"><\/div>\n\t\t\t\t\t\t\t<div class=\"elementor-container elementor-column-gap-default\">\n\t\t\t\t\t<div class=\"elementor-column elementor-col-100 elementor-top-column elementor-element elementor-element-bac1df6\" data-id=\"bac1df6\" data-element_type=\"column\">\n\t\t\t<div class=\"elementor-widget-wrap elementor-element-populated\">\n\t\t\t\t\t\t\t\t\t<\/div>\n\t\t<\/div>\n\t\t\t\t\t\t\t<\/div>\n\t\t<\/section>\n\t\t\t\t<section class=\"elementor-section elementor-top-section elementor-element elementor-element-c2abe47 elementor-section-boxed elementor-section-height-default elementor-section-height-default\" data-id=\"c2abe47\" data-element_type=\"section\">\n\t\t\t\t\t\t<div class=\"elementor-container elementor-column-gap-default\">\n\t\t\t\t\t<div class=\"elementor-column elementor-col-50 elementor-top-column elementor-element elementor-element-ada7d9d\" data-id=\"ada7d9d\" data-element_type=\"column\">\n\t\t\t<div class=\"elementor-widget-wrap elementor-element-populated\">\n\t\t\t\t\t\t\t\t<div class=\"elementor-element elementor-element-88e3a14 elementor-widget-divider--separator-type-pattern elementor-widget-divider--view-line elementor-widget elementor-widget-divider\" data-id=\"88e3a14\" data-element_type=\"widget\" data-widget_type=\"divider.default\">\n\t\t\t\t<div class=\"elementor-widget-container\">\n\t\t\t\t\t<div class=\"elementor-divider\" style=\"--divider-pattern-url: url(&quot;data:image\/svg+xml,%3Csvg xmlns=&#039;http:\/\/www.w3.org\/2000\/svg&#039; preserveAspectRatio=&#039;none&#039; overflow=&#039;visible&#039; height=&#039;100%&#039; viewBox=&#039;0 0 20 16&#039; fill=&#039;none&#039; stroke=&#039;black&#039; stroke-width=&#039;1&#039; stroke-linecap=&#039;square&#039; stroke-miterlimit=&#039;10&#039;%3E%3Cg transform=&#039;translate(-12.000000, 0)&#039;%3E%3Cpath d=&#039;M28,0L10,18&#039;\/%3E%3Cpath d=&#039;M18,0L0,18&#039;\/%3E%3Cpath d=&#039;M48,0L30,18&#039;\/%3E%3Cpath d=&#039;M38,0L20,18&#039;\/%3E%3C\/g%3E%3C\/svg%3E&quot;);\">\n\t\t\t<span class=\"elementor-divider-separator\">\n\t\t\t\t\t\t<\/span>\n\t\t<\/div>\n\t\t\t\t<\/div>\n\t\t\t\t<\/div>\n\t\t\t\t<div class=\"elementor-element elementor-element-cecc9a7 elementor-widget elementor-widget-text-editor\" data-id=\"cecc9a7\" data-element_type=\"widget\" data-widget_type=\"text-editor.default\">\n\t\t\t\t<div class=\"elementor-widget-container\">\n\t\t\t\t\t\t\t\t<p>Der Kunde erwartet, dass das Gr\u00fcn entlang einer Energieleitung gef\u00e4llt oder gepflegt wird. Das ist aber nur eine der Etappen des umfassenden Vegetationsmanagements, das wir anbieten.<\/p>\t\t\t\t\t\t<\/div>\n\t\t\t\t<\/div>\n\t\t\t\t<div class=\"elementor-element elementor-element-d018f53 elementor-widget elementor-widget-spacer\" data-id=\"d018f53\" data-element_type=\"widget\" data-widget_type=\"spacer.default\">\n\t\t\t\t<div class=\"elementor-widget-container\">\n\t\t\t\t\t<div class=\"elementor-spacer\">\n\t\t\t<div class=\"elementor-spacer-inner\"><\/div>\n\t\t<\/div>\n\t\t\t\t<\/div>\n\t\t\t\t<\/div>\n\t\t\t\t<div class=\"elementor-element elementor-element-aac0ff0 elementor-widget elementor-widget-text-editor\" data-id=\"aac0ff0\" data-element_type=\"widget\" data-widget_type=\"text-editor.default\">\n\t\t\t\t<div class=\"elementor-widget-container\">\n\t\t\t\t\t\t\t\t<p>Einer ordnungsgem\u00e4\u00df durchgef\u00fchrten Rodung geht eine Bestandsaufnahme des Netzes sowie die Beschaffung der erforderlichen Genehmigungen durch die Besitzer der Grundst\u00fccke sowie von beh\u00f6rdlichen Entscheidungen voraus. Erst dann kann mit den Arbeiten begonnen werden. Durch den Einsatz der Technologie des 21. Jahrhunderts wurde diese Etappe auf ein Minimum verk\u00fcrzt und kann sogar an einem Tag realisiert werden. Abgeschlossen wird der Prozess mit einem Kontrollflug, bei dem ein Laserscanning durchgef\u00fchrt, und mit der Erstellung eines Abschlussberichts. Anschlie\u00dfend wird die vollst\u00e4ndige Dokumentation an den Gesch\u00e4ftssitz des Kunden gesandt.<\/p>\t\t\t\t\t\t<\/div>\n\t\t\t\t<\/div>\n\t\t\t\t\t<\/div>\n\t\t<\/div>\n\t\t\t\t<div class=\"elementor-column elementor-col-50 elementor-top-column elementor-element elementor-element-7d37776\" data-id=\"7d37776\" data-element_type=\"column\">\n\t\t\t<div class=\"elementor-widget-wrap elementor-element-populated\">\n\t\t\t\t\t\t\t\t<div class=\"elementor-element elementor-element-d4c0efd elementor-widget elementor-widget-image\" data-id=\"d4c0efd\" data-element_type=\"widget\" data-widget_type=\"image.default\">\n\t\t\t\t<div class=\"elementor-widget-container\">\n\t\t\t\t\t\t\t\t\t\t\t\t\t\t\t<img decoding=\"async\" src=\"https:\/\/gamuza.pl\/wp-content\/uploads\/2021\/06\/gamuza_hero_ziemia.jpg\" title=\"gamuza_hero_ziemia\" alt=\"gamuza_hero_ziemia\" \/>\t\t\t\t\t\t\t\t\t\t\t\t\t\t\t<\/div>\n\t\t\t\t<\/div>\n\t\t\t\t\t<\/div>\n\t\t<\/div>\n\t\t\t\t\t\t\t<\/div>\n\t\t<\/section>\n\t\t\t\t<section class=\"elementor-section elementor-top-section elementor-element elementor-element-a97e3d0 elementor-section-boxed elementor-section-height-default elementor-section-height-default\" data-id=\"a97e3d0\" data-element_type=\"section\" data-settings=\"{&quot;background_background&quot;:&quot;classic&quot;}\">\n\t\t\t\t\t\t<div class=\"elementor-container elementor-column-gap-default\">\n\t\t\t\t\t<div class=\"elementor-column elementor-col-50 elementor-top-column elementor-element elementor-element-e0cddf7\" data-id=\"e0cddf7\" data-element_type=\"column\">\n\t\t\t<div class=\"elementor-widget-wrap elementor-element-populated\">\n\t\t\t\t\t\t\t\t<div class=\"elementor-element elementor-element-474e1f6 elementor-widget elementor-widget-accordion\" data-id=\"474e1f6\" data-element_type=\"widget\" data-widget_type=\"accordion.default\">\n\t\t\t\t<div class=\"elementor-widget-container\">\n\t\t\t\t\t<div class=\"elementor-accordion\" role=\"tablist\">\n\t\t\t\t\t\t\t<div class=\"elementor-accordion-item\">\n\t\t\t\t\t<div id=\"elementor-tab-title-7471\" class=\"elementor-tab-title\" data-tab=\"1\" role=\"tab\" aria-controls=\"elementor-tab-content-7471\" aria-expanded=\"false\">\n\t\t\t\t\t\t\t\t\t\t\t\t\t<span class=\"elementor-accordion-icon elementor-accordion-icon-right\" aria-hidden=\"true\">\n\t\t\t\t\t\t\t\t\t\t\t\t\t\t\t<span class=\"elementor-accordion-icon-closed\"><i class=\"fas fa-plus\"><\/i><\/span>\n\t\t\t\t\t\t\t\t<span class=\"elementor-accordion-icon-opened\"><i class=\"fas fa-minus\"><\/i><\/span>\n\t\t\t\t\t\t\t\t\t\t\t\t\t\t<\/span>\n\t\t\t\t\t\t\t\t\t\t\t\t<a class=\"elementor-accordion-title\" href=\"\">Bestandsaufnahme<\/a>\n\t\t\t\t\t<\/div>\n\t\t\t\t\t<div id=\"elementor-tab-content-7471\" class=\"elementor-tab-content elementor-clearfix\" data-tab=\"1\" role=\"tabpanel\" aria-labelledby=\"elementor-tab-title-7471\"><p>Die Bestandsaufnahme besteht aus Vorbereitungsarbeiten und organisatorischen Ma\u00dfnahmen einschlie\u00dflich folgender T\u00e4tigkeiten:<br \/>\u2022 Ermittlung der GPS-Koordinaten, um den Leitungsverlauf im System QuantumGIS einzutragen<br \/>\u2022 Erkundung des Gel\u00e4ndes<br \/>\u2022 Untersuchung des Baumbestandes entlang der Leitung<br \/>\u2022 Planung der Arbeiten und der notwendigen Abschaltungen des Netzes.<\/p><\/div>\n\t\t\t\t<\/div>\n\t\t\t\t\t\t\t<div class=\"elementor-accordion-item\">\n\t\t\t\t\t<div id=\"elementor-tab-title-7472\" class=\"elementor-tab-title\" data-tab=\"2\" role=\"tab\" aria-controls=\"elementor-tab-content-7472\" aria-expanded=\"false\">\n\t\t\t\t\t\t\t\t\t\t\t\t\t<span class=\"elementor-accordion-icon elementor-accordion-icon-right\" aria-hidden=\"true\">\n\t\t\t\t\t\t\t\t\t\t\t\t\t\t\t<span class=\"elementor-accordion-icon-closed\"><i class=\"fas fa-plus\"><\/i><\/span>\n\t\t\t\t\t\t\t\t<span class=\"elementor-accordion-icon-opened\"><i class=\"fas fa-minus\"><\/i><\/span>\n\t\t\t\t\t\t\t\t\t\t\t\t\t\t<\/span>\n\t\t\t\t\t\t\t\t\t\t\t\t<a class=\"elementor-accordion-title\" href=\"\">Verwaltung<\/a>\n\t\t\t\t\t<\/div>\n\t\t\t\t\t<div id=\"elementor-tab-content-7472\" class=\"elementor-tab-content elementor-clearfix\" data-tab=\"2\" role=\"tabpanel\" aria-labelledby=\"elementor-tab-title-7472\"><p>Der Verwaltungsprozess ist die anspruchsvollste Etappe von Rodungsarbeiten entlang von Stromleitungen. Auf dieser Etappe werden Genehmigungen von den Besitzern der betreffenden Grundst\u00fccke sowie Beschl\u00fcsse von Beh\u00f6rden im Zusammenhang mit der Beseitigung der B\u00e4ume eingeholt.<\/p><p>Eine sorgf\u00e4ltig erstellte Dokumentation erm\u00f6glicht einen reibungslosen Ablauf der Rodungsarbeiten im Gel\u00e4nde und minimiert finanzielle Anspr\u00fcche und Image-Verluste des Kunden. Das bei Gamuza eingesetzte moderne IT-System verarbeitet alle Vereinbaren mit den Besitzern der Grundst\u00fccke, verwaltet den Schriftverkehr und erm\u00f6glicht die \u00dcberwachung des Arbeitsfortschritts. Eine professionelle Ausf\u00fchrung der administrativen T\u00e4tigkeiten wird durch ein Team erfahrener Experten \u00fcberwacht, das auch daf\u00fcr sorgt, dass der Auftrag gem\u00e4\u00df den Rechtsvorschriften realisiert wird.<\/p><\/div>\n\t\t\t\t<\/div>\n\t\t\t\t\t\t\t<div class=\"elementor-accordion-item\">\n\t\t\t\t\t<div id=\"elementor-tab-title-7473\" class=\"elementor-tab-title\" data-tab=\"3\" role=\"tab\" aria-controls=\"elementor-tab-content-7473\" aria-expanded=\"false\">\n\t\t\t\t\t\t\t\t\t\t\t\t\t<span class=\"elementor-accordion-icon elementor-accordion-icon-right\" aria-hidden=\"true\">\n\t\t\t\t\t\t\t\t\t\t\t\t\t\t\t<span class=\"elementor-accordion-icon-closed\"><i class=\"fas fa-plus\"><\/i><\/span>\n\t\t\t\t\t\t\t\t<span class=\"elementor-accordion-icon-opened\"><i class=\"fas fa-minus\"><\/i><\/span>\n\t\t\t\t\t\t\t\t\t\t\t\t\t\t<\/span>\n\t\t\t\t\t\t\t\t\t\t\t\t<a class=\"elementor-accordion-title\" href=\"\">Rodungsarbeiten<\/a>\n\t\t\t\t\t<\/div>\n\t\t\t\t\t<div id=\"elementor-tab-content-7473\" class=\"elementor-tab-content elementor-clearfix\" data-tab=\"3\" role=\"tabpanel\" aria-labelledby=\"elementor-tab-title-7473\"><p>Die Durchf\u00fchrung der Rodungsarbeiten st\u00fctzt sich auf die Daten, die w\u00e4hrend der Etappen Bestandsaufnahme und Verwaltung ermittelt wurden. Das Team von Technikern, das den Holzeinschlag durchf\u00fchrt, nutzt die Informationen, die in mobilen Ger\u00e4ten und Orthofotos gespeichert sind. Anschlie\u00dfend werden die durchgef\u00fchrten Rodungsarbeiten und die R\u00e4umpunkte gekennzeichnet. Ebenso h\u00e4lt das System den Termin f\u00fcr die n\u00e4chsten Ma\u00dfnahmen fest. Das System \u00fcberwacht den Arbeitsfortschritt mithilfe von Z\u00e4hlern: gerodete Kilometer, zu r\u00e4umendeKilometer und abgenommene Kilometer. Parallel zu den technischen Arbeiten l\u00e4uft der Schriftwechsel mit den Besitzern der Grundst\u00fccke zu eventuellen Anmerkungen und Reklamationen. Die eingegebenen Informationen werden zur Umsetzung an die entsprechende technische Einheit weitergeleitet.<\/p><p>Bei der Realisierung des Auftrags werden modernste Technologien und Tools eingesetzt, darunter eine weltweit einzigartige L\u00f6sung mit Einsatz eines Hubschraubers mit angeh\u00e4ngter S\u00e4ge sowie Maschinen f\u00fcr die R\u00e4umung des Gel\u00e4ndes, die mit biologisch abbaubaren Kraftstoffen betrieben werden.<\/p><p>Kontrollfl\u00fcge an Leitungen<br \/>Die Kontrolle der durchgef\u00fchrten Arbeiten wird unter Einsatz der effektivsten Methode durchgef\u00fchrt, d. h. mit dem Hubschrauber. Dadurch k\u00f6nnen wir die genauesten Informationen \u00fcber festgestellte Gef\u00e4hrdungen durch Pflanzen einholen. Der Vorgang wird durch die Technologie des Laserscannens per Flugzeug unterst\u00fctzt, durch das Stellen angezeigt werden, an denen der Pflanzen zu nahe an den Stromleitungen sind. Die hierbei erstellte Vegetationskarte zeigt die H\u00f6he und den Raum, der durch die Pflanzen eingenommen wird. Bereiche, die besondere Aufmerksamkeit ben\u00f6tigen, werden in Endberichten angezeigt.<\/p><\/div>\n\t\t\t\t<\/div>\n\t\t\t\t\t\t\t<div class=\"elementor-accordion-item\">\n\t\t\t\t\t<div id=\"elementor-tab-title-7474\" class=\"elementor-tab-title\" data-tab=\"4\" role=\"tab\" aria-controls=\"elementor-tab-content-7474\" aria-expanded=\"false\">\n\t\t\t\t\t\t\t\t\t\t\t\t\t<span class=\"elementor-accordion-icon elementor-accordion-icon-right\" aria-hidden=\"true\">\n\t\t\t\t\t\t\t\t\t\t\t\t\t\t\t<span class=\"elementor-accordion-icon-closed\"><i class=\"fas fa-plus\"><\/i><\/span>\n\t\t\t\t\t\t\t\t<span class=\"elementor-accordion-icon-opened\"><i class=\"fas fa-minus\"><\/i><\/span>\n\t\t\t\t\t\t\t\t\t\t\t\t\t\t<\/span>\n\t\t\t\t\t\t\t\t\t\t\t\t<a class=\"elementor-accordion-title\" href=\"\">Abnahmen<\/a>\n\t\t\t\t\t<\/div>\n\t\t\t\t\t<div id=\"elementor-tab-content-7474\" class=\"elementor-tab-content elementor-clearfix\" data-tab=\"4\" role=\"tabpanel\" aria-labelledby=\"elementor-tab-title-7474\"><p>\n\t\t<style type=\"text\/css\">\n\t\t\t#gallery-1 {\n\t\t\t\tmargin: auto;\n\t\t\t}\n\t\t\t#gallery-1 .gallery-item {\n\t\t\t\tfloat: left;\n\t\t\t\tmargin-top: 10px;\n\t\t\t\ttext-align: center;\n\t\t\t\twidth: 100%;\n\t\t\t}\n\t\t\t#gallery-1 img {\n\t\t\t\tborder: 2px solid #cfcfcf;\n\t\t\t}\n\t\t\t#gallery-1 .gallery-caption {\n\t\t\t\tmargin-left: 0;\n\t\t\t}\n\t\t\t\/* see gallery_shortcode() in wp-includes\/media.php *\/\n\t\t<\/style>\n\t\t<div id='gallery-1' class='gallery galleryid-1675 gallery-columns-1 gallery-size-large'><dl class='gallery-item'>\n\t\t\t<dt class='gallery-icon landscape'>\n\t\t\t\t<a href='https:\/\/gamuza.pl\/de\/o-nas\/istock-1163709021-1-1\/'><img loading=\"lazy\" decoding=\"async\" width=\"1140\" height=\"821\" src=\"https:\/\/gamuza.pl\/wp-content\/uploads\/2021\/06\/iStock-1163709021-1-1-1140x821.jpg\" class=\"attachment-large size-large\" alt=\"\" srcset=\"https:\/\/gamuza.pl\/wp-content\/uploads\/2021\/06\/iStock-1163709021-1-1-1140x821.jpg 1140w, https:\/\/gamuza.pl\/wp-content\/uploads\/2021\/06\/iStock-1163709021-1-1-570x411.jpg 570w, https:\/\/gamuza.pl\/wp-content\/uploads\/2021\/06\/iStock-1163709021-1-1-768x553.jpg 768w, https:\/\/gamuza.pl\/wp-content\/uploads\/2021\/06\/iStock-1163709021-1-1-1024x738.jpg 1024w, https:\/\/gamuza.pl\/wp-content\/uploads\/2021\/06\/iStock-1163709021-1-1-400x288.jpg 400w, https:\/\/gamuza.pl\/wp-content\/uploads\/2021\/06\/iStock-1163709021-1-1.jpg 1206w\" sizes=\"auto, (max-width: 1140px) 100vw, 1140px\" \/><\/a>\n\t\t\t<\/dt><\/dl><br style=\"clear: both\" \/>\n\t\t<\/div>\n<\/p><p>Dank der Einf\u00fchrung eines modernen Systems f\u00fcr die Verwaltung von Rodungsarbeiten werden die Daten aus allen Etappen der Realisierung des Auftrags zu einem Bericht zusammengef\u00fcgt, der anschlie\u00dfend an den Kunden geht.<\/p><\/div>\n\t\t\t\t<\/div>\n\t\t\t\t\t\t\t\t<\/div>\n\t\t\t\t<\/div>\n\t\t\t\t<\/div>\n\t\t\t\t\t<\/div>\n\t\t<\/div>\n\t\t\t\t<div class=\"elementor-column elementor-col-50 elementor-top-column elementor-element elementor-element-272694f\" data-id=\"272694f\" data-element_type=\"column\">\n\t\t\t<div class=\"elementor-widget-wrap\">\n\t\t\t\t\t\t\t\t\t<\/div>\n\t\t<\/div>\n\t\t\t\t\t\t\t<\/div>\n\t\t<\/section>\n\t\t\t\t\t\t<\/div>\n\t\t\t\t\t<\/div>\n\t\t","protected":false},"excerpt":{"rendered":"<p>Der Kunde erwartet, dass das Gr\u00fcn entlang einer Energieleitung gef\u00e4llt oder gepflegt wird. Das ist aber nur eine der Etappen des umfassenden Vegetationsmanagements, das wir anbieten. Einer ordnungsgem\u00e4\u00df durchgef\u00fchrten Rodung geht eine Bestandsaufnahme des Netzes sowie die Beschaffung der erforderlichen Genehmigungen durch die Besitzer der Grundst\u00fccke sowie von beh\u00f6rdlichen Entscheidungen voraus. Erst dann kann mit&hellip;<\/p>\n","protected":false},"author":1,"featured_media":0,"parent":0,"menu_order":0,"comment_status":"closed","ping_status":"closed","template":"elementor_header_footer","meta":{"footnotes":""},"class_list":["post-1675","page","type-page","status-publish","hentry"],"yoast_head":"<!-- This site is optimized with the Yoast SEO plugin v16.9 - https:\/\/yoast.com\/wordpress\/plugins\/seo\/ -->\n<title>Die Durchf\u00fchrung - Gamuza<\/title>\n<meta name=\"robots\" content=\"index, follow, max-snippet:-1, max-image-preview:large, max-video-preview:-1\" \/>\n<link rel=\"canonical\" href=\"https:\/\/gamuza.pl\/de\/proces-realizacji\/\" \/>\n<meta property=\"og:locale\" content=\"de_DE\" \/>\n<meta property=\"og:type\" content=\"article\" \/>\n<meta property=\"og:title\" content=\"Die Durchf\u00fchrung - Gamuza\" \/>\n<meta property=\"og:description\" content=\"Der Kunde erwartet, dass das Gr\u00fcn entlang einer Energieleitung gef\u00e4llt oder gepflegt wird. Das ist aber nur eine der Etappen des umfassenden Vegetationsmanagements, das wir anbieten. Einer ordnungsgem\u00e4\u00df durchgef\u00fchrten Rodung geht eine Bestandsaufnahme des Netzes sowie die Beschaffung der erforderlichen Genehmigungen durch die Besitzer der Grundst\u00fccke sowie von beh\u00f6rdlichen Entscheidungen voraus. Erst dann kann mit&hellip;\" \/>\n<meta property=\"og:url\" content=\"https:\/\/gamuza.pl\/de\/proces-realizacji\/\" \/>\n<meta property=\"og:site_name\" content=\"Gamuza\" \/>\n<meta property=\"article:modified_time\" content=\"2021-12-08T08:23:38+00:00\" \/>\n<meta property=\"og:image\" content=\"https:\/\/gamuza.pl\/wp-content\/uploads\/2021\/06\/gamuza_hero_ziemia.jpg\" \/>\n<meta name=\"twitter:card\" content=\"summary_large_image\" \/>\n<meta name=\"twitter:label1\" content=\"Gesch\u00e4tzte Lesezeit\" \/>\n\t<meta name=\"twitter:data1\" content=\"3\u00a0Minuten\" \/>\n<script type=\"application\/ld+json\" class=\"yoast-schema-graph\">{\"@context\":\"https:\/\/schema.org\",\"@graph\":[{\"@type\":\"Organization\",\"@id\":\"https:\/\/gamuza.pl\/#organization\",\"name\":\"Gamuza\",\"url\":\"https:\/\/gamuza.pl\/\",\"sameAs\":[],\"logo\":{\"@type\":\"ImageObject\",\"@id\":\"https:\/\/gamuza.pl\/#logo\",\"inLanguage\":\"de\",\"url\":\"https:\/\/gamuza.pl\/wp-content\/uploads\/2021\/06\/gamuza.png\",\"contentUrl\":\"https:\/\/gamuza.pl\/wp-content\/uploads\/2021\/06\/gamuza.png\",\"width\":300,\"height\":300,\"caption\":\"Gamuza\"},\"image\":{\"@id\":\"https:\/\/gamuza.pl\/#logo\"}},{\"@type\":\"WebSite\",\"@id\":\"https:\/\/gamuza.pl\/#website\",\"url\":\"https:\/\/gamuza.pl\/\",\"name\":\"Gamuza\",\"description\":\"Kolejna witryna oparta na WordPressie\",\"publisher\":{\"@id\":\"https:\/\/gamuza.pl\/#organization\"},\"potentialAction\":[{\"@type\":\"SearchAction\",\"target\":{\"@type\":\"EntryPoint\",\"urlTemplate\":\"https:\/\/gamuza.pl\/?s={search_term_string}\"},\"query-input\":\"required name=search_term_string\"}],\"inLanguage\":\"de\"},{\"@type\":\"ImageObject\",\"@id\":\"https:\/\/gamuza.pl\/de\/proces-realizacji\/#primaryimage\",\"inLanguage\":\"de\",\"url\":\"https:\/\/gamuza.pl\/wp-content\/uploads\/2021\/06\/gamuza_hero_ziemia.jpg\",\"contentUrl\":\"https:\/\/gamuza.pl\/wp-content\/uploads\/2021\/06\/gamuza_hero_ziemia.jpg\",\"width\":2400,\"height\":1348},{\"@type\":\"WebPage\",\"@id\":\"https:\/\/gamuza.pl\/de\/proces-realizacji\/#webpage\",\"url\":\"https:\/\/gamuza.pl\/de\/proces-realizacji\/\",\"name\":\"Die Durchf\\u00fchrung - Gamuza\",\"isPartOf\":{\"@id\":\"https:\/\/gamuza.pl\/#website\"},\"primaryImageOfPage\":{\"@id\":\"https:\/\/gamuza.pl\/de\/proces-realizacji\/#primaryimage\"},\"datePublished\":\"2021-06-17T21:52:32+00:00\",\"dateModified\":\"2021-12-08T08:23:38+00:00\",\"breadcrumb\":{\"@id\":\"https:\/\/gamuza.pl\/de\/proces-realizacji\/#breadcrumb\"},\"inLanguage\":\"de\",\"potentialAction\":[{\"@type\":\"ReadAction\",\"target\":[\"https:\/\/gamuza.pl\/de\/proces-realizacji\/\"]}]},{\"@type\":\"BreadcrumbList\",\"@id\":\"https:\/\/gamuza.pl\/de\/proces-realizacji\/#breadcrumb\",\"itemListElement\":[{\"@type\":\"ListItem\",\"position\":1,\"name\":\"Strona g\\u0142\\u00f3wna\",\"item\":\"https:\/\/gamuza.pl\/de\/\"},{\"@type\":\"ListItem\",\"position\":2,\"name\":\"Die Durchf\\u00fchrung\"}]}]}<\/script>\n<!-- \/ Yoast SEO plugin. -->","yoast_head_json":{"title":"Die Durchf\u00fchrung - Gamuza","robots":{"index":"index","follow":"follow","max-snippet":"max-snippet:-1","max-image-preview":"max-image-preview:large","max-video-preview":"max-video-preview:-1"},"canonical":"https:\/\/gamuza.pl\/de\/proces-realizacji\/","og_locale":"de_DE","og_type":"article","og_title":"Die Durchf\u00fchrung - Gamuza","og_description":"Der Kunde erwartet, dass das Gr\u00fcn entlang einer Energieleitung gef\u00e4llt oder gepflegt wird. Das ist aber nur eine der Etappen des umfassenden Vegetationsmanagements, das wir anbieten. Einer ordnungsgem\u00e4\u00df durchgef\u00fchrten Rodung geht eine Bestandsaufnahme des Netzes sowie die Beschaffung der erforderlichen Genehmigungen durch die Besitzer der Grundst\u00fccke sowie von beh\u00f6rdlichen Entscheidungen voraus. Erst dann kann mit&hellip;","og_url":"https:\/\/gamuza.pl\/de\/proces-realizacji\/","og_site_name":"Gamuza","article_modified_time":"2021-12-08T08:23:38+00:00","og_image":[{"url":"https:\/\/gamuza.pl\/wp-content\/uploads\/2021\/06\/gamuza_hero_ziemia.jpg"}],"twitter_card":"summary_large_image","twitter_misc":{"Gesch\u00e4tzte Lesezeit":"3\u00a0Minuten"},"schema":{"@context":"https:\/\/schema.org","@graph":[{"@type":"Organization","@id":"https:\/\/gamuza.pl\/#organization","name":"Gamuza","url":"https:\/\/gamuza.pl\/","sameAs":[],"logo":{"@type":"ImageObject","@id":"https:\/\/gamuza.pl\/#logo","inLanguage":"de","url":"https:\/\/gamuza.pl\/wp-content\/uploads\/2021\/06\/gamuza.png","contentUrl":"https:\/\/gamuza.pl\/wp-content\/uploads\/2021\/06\/gamuza.png","width":300,"height":300,"caption":"Gamuza"},"image":{"@id":"https:\/\/gamuza.pl\/#logo"}},{"@type":"WebSite","@id":"https:\/\/gamuza.pl\/#website","url":"https:\/\/gamuza.pl\/","name":"Gamuza","description":"Kolejna witryna oparta na WordPressie","publisher":{"@id":"https:\/\/gamuza.pl\/#organization"},"potentialAction":[{"@type":"SearchAction","target":{"@type":"EntryPoint","urlTemplate":"https:\/\/gamuza.pl\/?s={search_term_string}"},"query-input":"required name=search_term_string"}],"inLanguage":"de"},{"@type":"ImageObject","@id":"https:\/\/gamuza.pl\/de\/proces-realizacji\/#primaryimage","inLanguage":"de","url":"https:\/\/gamuza.pl\/wp-content\/uploads\/2021\/06\/gamuza_hero_ziemia.jpg","contentUrl":"https:\/\/gamuza.pl\/wp-content\/uploads\/2021\/06\/gamuza_hero_ziemia.jpg","width":2400,"height":1348},{"@type":"WebPage","@id":"https:\/\/gamuza.pl\/de\/proces-realizacji\/#webpage","url":"https:\/\/gamuza.pl\/de\/proces-realizacji\/","name":"Die Durchf\u00fchrung - Gamuza","isPartOf":{"@id":"https:\/\/gamuza.pl\/#website"},"primaryImageOfPage":{"@id":"https:\/\/gamuza.pl\/de\/proces-realizacji\/#primaryimage"},"datePublished":"2021-06-17T21:52:32+00:00","dateModified":"2021-12-08T08:23:38+00:00","breadcrumb":{"@id":"https:\/\/gamuza.pl\/de\/proces-realizacji\/#breadcrumb"},"inLanguage":"de","potentialAction":[{"@type":"ReadAction","target":["https:\/\/gamuza.pl\/de\/proces-realizacji\/"]}]},{"@type":"BreadcrumbList","@id":"https:\/\/gamuza.pl\/de\/proces-realizacji\/#breadcrumb","itemListElement":[{"@type":"ListItem","position":1,"name":"Strona g\u0142\u00f3wna","item":"https:\/\/gamuza.pl\/de\/"},{"@type":"ListItem","position":2,"name":"Die Durchf\u00fchrung"}]}]}},"_links":{"self":[{"href":"https:\/\/gamuza.pl\/de\/wp-json\/wp\/v2\/pages\/1675","targetHints":{"allow":["GET"]}}],"collection":[{"href":"https:\/\/gamuza.pl\/de\/wp-json\/wp\/v2\/pages"}],"about":[{"href":"https:\/\/gamuza.pl\/de\/wp-json\/wp\/v2\/types\/page"}],"author":[{"embeddable":true,"href":"https:\/\/gamuza.pl\/de\/wp-json\/wp\/v2\/users\/1"}],"replies":[{"embeddable":true,"href":"https:\/\/gamuza.pl\/de\/wp-json\/wp\/v2\/comments?post=1675"}],"version-history":[{"count":31,"href":"https:\/\/gamuza.pl\/de\/wp-json\/wp\/v2\/pages\/1675\/revisions"}],"predecessor-version":[{"id":1974,"href":"https:\/\/gamuza.pl\/de\/wp-json\/wp\/v2\/pages\/1675\/revisions\/1974"}],"wp:attachment":[{"href":"https:\/\/gamuza.pl\/de\/wp-json\/wp\/v2\/media?parent=1675"}],"curies":[{"name":"wp","href":"https:\/\/api.w.org\/{rel}","templated":true}]}}